{"id":473,"date":"2021-09-28T14:15:23","date_gmt":"2021-09-28T14:15:23","guid":{"rendered":"https:\/\/morairapoolmaintenance.com\/comentarios\/"},"modified":"2021-09-28T14:17:54","modified_gmt":"2021-09-28T14:17:54","slug":"comentarios","status":"publish","type":"page","link":"https:\/\/morairapoolmaintenance.com\/es\/comentarios\/","title":{"rendered":"Comentarios"},"content":{"rendered":"\t\t<div data-elementor-type=\"wp-page\" data-elementor-id=\"473\" class=\"elementor elementor-473 elementor-268\" data-elementor-post-type=\"page\">\n\t\t\t\t\t\t<section class=\"elementor-section elementor-top-section elementor-element elementor-element-bc3ffaa elementor-section-boxed elementor-section-height-default elementor-section-height-default\" data-id=\"bc3ffaa\" data-element_type=\"section\" data-e-type=\"section\">\n\t\t\t\t\t\t<div class=\"elementor-container elementor-column-gap-default\">\n\t\t\t\t\t<div class=\"elementor-column elementor-col-100 elementor-top-column elementor-element elementor-element-c021118\" data-id=\"c021118\" data-element_type=\"column\" data-e-type=\"column\" data-settings=\"{&quot;background_background&quot;:&quot;classic&quot;}\">\n\t\t\t<div class=\"elementor-widget-wrap elementor-element-populated\">\n\t\t\t\t\t<div class=\"elementor-background-overlay\"><\/div>\n\t\t\t\t\t\t<div class=\"elementor-element elementor-element-96a87dd elementor-invisible elementor-widget elementor-widget-heading\" data-id=\"96a87dd\" data-element_type=\"widget\" data-e-type=\"widget\" data-settings=\"{&quot;_animation&quot;:&quot;fadeInUp&quot;,&quot;_animation_delay&quot;:200}\" data-widget_type=\"heading.default\">\n\t\t\t\t<div class=\"elementor-widget-container\">\n\t\t\t\t\t<h2 class=\"elementor-heading-title elementor-size-default\">\u00bfQu\u00e9 opinan de nosotros?<\/h2>\t\t\t\t<\/div>\n\t\t\t\t<\/div>\n\t\t\t\t<section class=\"elementor-section elementor-inner-section elementor-element elementor-element-2ca418f elementor-section-boxed elementor-section-height-default elementor-section-height-default\" data-id=\"2ca418f\" data-element_type=\"section\" data-e-type=\"section\">\n\t\t\t\t\t\t<div class=\"elementor-container elementor-column-gap-default\">\n\t\t\t\t\t<div class=\"elementor-column elementor-col-100 elementor-inner-column elementor-element elementor-element-272f873\" data-id=\"272f873\" data-element_type=\"column\" data-e-type=\"column\" data-settings=\"{&quot;background_background&quot;:&quot;classic&quot;}\">\n\t\t\t<div class=\"elementor-widget-wrap elementor-element-populated\">\n\t\t\t\t\t\t<div class=\"elementor-element elementor-element-55188ab elementor-testimonial--skin-default elementor-testimonial--layout-image_inline elementor-testimonial--align-center elementor-arrows-yes elementor-invisible elementor-widget elementor-widget-testimonial-carousel\" data-id=\"55188ab\" data-element_type=\"widget\" data-e-type=\"widget\" data-settings=\"{&quot;_animation&quot;:&quot;fadeInUp&quot;,&quot;slides_per_view&quot;:&quot;1&quot;,&quot;show_arrows&quot;:&quot;yes&quot;,&quot;speed&quot;:500,&quot;loop&quot;:&quot;yes&quot;,&quot;space_between&quot;:{&quot;unit&quot;:&quot;px&quot;,&quot;size&quot;:10,&quot;sizes&quot;:[]},&quot;space_between_tablet&quot;:{&quot;unit&quot;:&quot;px&quot;,&quot;size&quot;:10,&quot;sizes&quot;:[]},&quot;space_between_mobile&quot;:{&quot;unit&quot;:&quot;px&quot;,&quot;size&quot;:10,&quot;sizes&quot;:[]}}\" data-widget_type=\"testimonial-carousel.default\">\n\t\t\t\t<div class=\"elementor-widget-container\">\n\t\t\t\t\t\t\t\t\t<div class=\"elementor-swiper\">\n\t\t\t\t\t<div class=\"elementor-main-swiper swiper\" role=\"region\" aria-roledescription=\"carousel\" aria-label=\"Diapositivas\">\n\t\t\t\t<div class=\"swiper-wrapper\">\n\t\t\t\t\t\t\t\t\t\t\t<div class=\"swiper-slide\" role=\"group\" aria-roledescription=\"slide\">\n\t\t\t\t\t\t\t\t\t<div class=\"elementor-testimonial\">\n\t\t\t\t\t\t\t<div class=\"elementor-testimonial__content\">\n\t\t\t\t\t<div class=\"elementor-testimonial__text\">\n\t\t\t\t\t\t<p>Soy administrador de propiedades de muchas casas en Cumbre Del Sol. Richard est\u00e1 cuidando 3 piscinas m\u00edas. Es un trabajo tan f\u00e1cil para m\u00ed trabajar con Richard, ya que se ocupa de manera excelente.<\/p>\n<p>Es muy confiable, tiene conocimientos, la comunicaci\u00f3n es excelente y lo m\u00e1s importante, reacciona de inmediato si hay una emergencia. Tambi\u00e9n es muy educado con los inquilinos de vacaciones, lo cual es muy importante en nuestro negocio. En general, si trabaja con Richard, no se sentir\u00e1 decepcionado. Suzana<\/p>\n\t\t\t\t\t<\/div>\n\t\t\t\t\t\t\t\t\t<\/div>\n\t\t\t\t\t\t<div class=\"elementor-testimonial__footer\">\n\t\t\t\t\t\t\t\t<cite class=\"elementor-testimonial__cite\"><span class=\"elementor-testimonial__name\">Suzana, Cumbre Del Sol<\/span><\/cite>\t\t\t<\/div>\n\t\t<\/div>\n\t\t\t\t\t\t\t\t<\/div>\n\t\t\t\t\t\t\t\t\t\t\t<div class=\"swiper-slide\" role=\"group\" aria-roledescription=\"slide\">\n\t\t\t\t\t\t\t\t\t<div class=\"elementor-testimonial\">\n\t\t\t\t\t\t\t<div class=\"elementor-testimonial__content\">\n\t\t\t\t\t<div class=\"elementor-testimonial__text\">\n\t\t\t\t\t\t<p>Hemos utilizado los Servicios de Richard Winter durante muchos a\u00f1os. Es confiable y confiable en todos los aspectos del mantenimiento de la piscina. Necesit\u00e1bamos una nueva bomba que Richard busc\u00f3 y cambi\u00f3, tambi\u00e9n reconfigur\u00f3 la tuber\u00eda muy vieja y desarticulada junto con un cambio de arena, todo realizado con un excelente est\u00e1ndar y un precio justo. Solo lo utilizaremos y recomendaremos sus servicios.<\/p>\n\t\t\t\t\t<\/div>\n\t\t\t\t\t\t\t\t\t<\/div>\n\t\t\t\t\t\t<div class=\"elementor-testimonial__footer\">\n\t\t\t\t\t\t\t\t<cite class=\"elementor-testimonial__cite\"><span class=\"elementor-testimonial__name\">Mr & Mrs Wells, Benissa Costa<\/span><\/cite>\t\t\t<\/div>\n\t\t<\/div>\n\t\t\t\t\t\t\t\t<\/div>\n\t\t\t\t\t\t\t\t\t\t\t<div class=\"swiper-slide\" role=\"group\" aria-roledescription=\"slide\">\n\t\t\t\t\t\t\t\t\t<div class=\"elementor-testimonial\">\n\t\t\t\t\t\t\t<div class=\"elementor-testimonial__content\">\n\t\t\t\t\t<div class=\"elementor-testimonial__text\">\n\t\t\t\t\t\t<p>Hola richard<\/p>\n<p>  Gracias por arreglar el filtro y cambiar la palanca selectora. \u00a1Ahora deber\u00eda estar listo para los pr\u00f3ximos 10 a\u00f1os!<\/p>\n<p>Se ve muy ordenado y profesional.<\/p>\n<p>Gracias de nuevo.<\/p>\n\t\t\t\t\t<\/div>\n\t\t\t\t\t\t\t\t\t<\/div>\n\t\t\t\t\t\t<div class=\"elementor-testimonial__footer\">\n\t\t\t\t\t\t\t\t<cite class=\"elementor-testimonial__cite\"><span class=\"elementor-testimonial__name\">Chris, Moraira<\/span><\/cite>\t\t\t<\/div>\n\t\t<\/div>\n\t\t\t\t\t\t\t\t<\/div>\n\t\t\t\t\t\t\t\t\t<\/div>\n\t\t\t\t\t\t\t\t\t\t\t\t\t\t\t<div class=\"elementor-swiper-button elementor-swiper-button-prev\" role=\"button\" tabindex=\"0\" aria-label=\"Anterior\">\n\t\t\t\t\t\t\t<i aria-hidden=\"true\" class=\"eicon-chevron-left\"><\/i>\t\t\t\t\t\t<\/div>\n\t\t\t\t\t\t<div class=\"elementor-swiper-button elementor-swiper-button-next\" role=\"button\" tabindex=\"0\" aria-label=\"Siguiente\">\n\t\t\t\t\t\t\t<i aria-hidden=\"true\" class=\"eicon-chevron-right\"><\/i>\t\t\t\t\t\t<\/div>\n\t\t\t\t\t\t\t\t\t\t\t\t\t\t\t\t\t<\/div>\n\t\t\t\t<\/div>\n\t\t\t\t\t\t\t\t<\/div>\n\t\t\t\t<\/div>\n\t\t\t\t\t<\/div>\n\t\t<\/div>\n\t\t\t\t\t<\/div>\n\t\t<\/section>\n\t\t\t\t\t<\/div>\n\t\t<\/div>\n\t\t\t\t\t<\/div>\n\t\t<\/section>\n\t\t\t\t<section class=\"elementor-section elementor-top-section elementor-element elementor-element-0d11d2d elementor-section-height-min-height elementor-section-content-middle elementor-section-boxed elementor-section-height-default elementor-section-items-middle\" data-id=\"0d11d2d\" data-element_type=\"section\" data-e-type=\"section\" data-settings=\"{&quot;background_background&quot;:&quot;classic&quot;}\">\n\t\t\t\t\t\t\t<div class=\"elementor-background-overlay\"><\/div>\n\t\t\t\t\t\t\t<div class=\"elementor-container elementor-column-gap-default\">\n\t\t\t\t\t<div class=\"elementor-column elementor-col-50 elementor-top-column elementor-element elementor-element-92e579e\" data-id=\"92e579e\" data-element_type=\"column\" data-e-type=\"column\">\n\t\t\t<div class=\"elementor-widget-wrap elementor-element-populated\">\n\t\t\t\t\t\t<div class=\"elementor-element elementor-element-6c95ffe elementor-widget elementor-widget-heading\" data-id=\"6c95ffe\" data-element_type=\"widget\" data-e-type=\"widget\" data-widget_type=\"heading.default\">\n\t\t\t\t<div class=\"elementor-widget-container\">\n\t\t\t\t\t<h2 class=\"elementor-heading-title elementor-size-default\">Para ayudar a mejorar nuestro servicio.<\/h2>\t\t\t\t<\/div>\n\t\t\t\t<\/div>\n\t\t\t\t<div class=\"elementor-element elementor-element-5088575 elementor-widget elementor-widget-text-editor\" data-id=\"5088575\" data-element_type=\"widget\" data-e-type=\"widget\" data-widget_type=\"text-editor.default\">\n\t\t\t\t<div class=\"elementor-widget-container\">\n\t\t\t\t\t\t\t\t\t<p> Env\u00edenos un correo electr\u00f3nico con sus comentarios en nuestra p\u00e1gina de contacto. <br \/> Valoramos sus comentarios. <\/p>\n\t\t\t\t\t\t\t\t<\/div>\n\t\t\t\t<\/div>\n\t\t\t\t\t<\/div>\n\t\t<\/div>\n\t\t\t\t<div class=\"elementor-column elementor-col-50 elementor-top-column elementor-element elementor-element-9e8b214\" data-id=\"9e8b214\" data-element_type=\"column\" data-e-type=\"column\">\n\t\t\t<div class=\"elementor-widget-wrap elementor-element-populated\">\n\t\t\t\t\t\t<div class=\"elementor-element elementor-element-52fc033 elementor-align-center elementor-widget elementor-widget-button\" data-id=\"52fc033\" data-element_type=\"widget\" data-e-type=\"widget\" data-widget_type=\"button.default\">\n\t\t\t\t<div class=\"elementor-widget-container\">\n\t\t\t\t\t\t\t\t\t<div class=\"elementor-button-wrapper\">\n\t\t\t\t\t<a class=\"elementor-button elementor-button-link elementor-size-md\" href=\"https:\/\/morairapoolmaintenance.com\/es\/contacto\/\">\n\t\t\t\t\t\t<span class=\"elementor-button-content-wrapper\">\n\t\t\t\t\t\t\t\t\t<span class=\"elementor-button-text\">Contacto<\/span>\n\t\t\t\t\t<\/span>\n\t\t\t\t\t<\/a>\n\t\t\t\t<\/div>\n\t\t\t\t\t\t\t\t<\/div>\n\t\t\t\t<\/div>\n\t\t\t\t\t<\/div>\n\t\t<\/div>\n\t\t\t\t\t<\/div>\n\t\t<\/section>\n\t\t\t\t<\/div>\n\t\t","protected":false},"excerpt":{"rendered":"<p>\u00bfQu\u00e9 opinan de nosotros? Soy administrador de propiedades de muchas casas en Cumbre Del Sol. Richard est\u00e1 cuidando 3 piscinas m\u00edas. Es un trabajo tan f\u00e1cil para m\u00ed trabajar con Richard, ya que se ocupa de manera excelente. Es muy confiable, tiene conocimientos, la comunicaci\u00f3n es excelente y lo m\u00e1s importante, reacciona de inmediato si [&hellip;]<\/p>\n","protected":false},"author":1,"featured_media":0,"parent":0,"menu_order":0,"comment_status":"closed","ping_status":"closed","template":"elementor_header_footer","meta":{"ocean_post_layout":"","ocean_both_sidebars_style":"","ocean_both_sidebars_content_width":0,"ocean_both_sidebars_sidebars_width":0,"ocean_sidebar":"0","ocean_second_sidebar":"0","ocean_disable_margins":"enable","ocean_add_body_class":"","ocean_shortcode_before_top_bar":"","ocean_shortcode_after_top_bar":"","ocean_shortcode_before_header":"","ocean_shortcode_after_header":"","ocean_has_shortcode":"","ocean_shortcode_after_title":"","ocean_shortcode_before_footer_widgets":"","ocean_shortcode_after_footer_widgets":"","ocean_shortcode_before_footer_bottom":"","ocean_shortcode_after_footer_bottom":"","ocean_display_top_bar":"default","ocean_display_header":"default","ocean_header_style":"","ocean_center_header_left_menu":"0","ocean_custom_header_template":"0","ocean_custom_logo":0,"ocean_custom_retina_logo":0,"ocean_custom_logo_max_width":0,"ocean_custom_logo_tablet_max_width":0,"ocean_custom_logo_mobile_max_width":0,"ocean_custom_logo_max_height":0,"ocean_custom_logo_tablet_max_height":0,"ocean_custom_logo_mobile_max_height":0,"ocean_header_custom_menu":"0","ocean_menu_typo_font_family":"0","ocean_menu_typo_font_subset":"","ocean_menu_typo_font_size":0,"ocean_menu_typo_font_size_tablet":0,"ocean_menu_typo_font_size_mobile":0,"ocean_menu_typo_font_size_unit":"px","ocean_menu_typo_font_weight":"","ocean_menu_typo_font_weight_tablet":"","ocean_menu_typo_font_weight_mobile":"","ocean_menu_typo_transform":"","ocean_menu_typo_transform_tablet":"","ocean_menu_typo_transform_mobile":"","ocean_menu_typo_line_height":0,"ocean_menu_typo_line_height_tablet":0,"ocean_menu_typo_line_height_mobile":0,"ocean_menu_typo_line_height_unit":"","ocean_menu_typo_spacing":0,"ocean_menu_typo_spacing_tablet":0,"ocean_menu_typo_spacing_mobile":0,"ocean_menu_typo_spacing_unit":"","ocean_menu_link_color":"","ocean_menu_link_color_hover":"","ocean_menu_link_color_active":"","ocean_menu_link_background":"","ocean_menu_link_hover_background":"","ocean_menu_link_active_background":"","ocean_menu_social_links_bg":"","ocean_menu_social_hover_links_bg":"","ocean_menu_social_links_color":"","ocean_menu_social_hover_links_color":"","ocean_disable_title":"default","ocean_disable_heading":"default","ocean_post_title":"","ocean_post_subheading":"","ocean_post_title_style":"","ocean_post_title_background_color":"","ocean_post_title_background":0,"ocean_post_title_bg_image_position":"","ocean_post_title_bg_image_attachment":"","ocean_post_title_bg_image_repeat":"","ocean_post_title_bg_image_size":"","ocean_post_title_height":0,"ocean_post_title_bg_overlay":0.5,"ocean_post_title_bg_overlay_color":"","ocean_disable_breadcrumbs":"default","ocean_breadcrumbs_color":"","ocean_breadcrumbs_separator_color":"","ocean_breadcrumbs_links_color":"","ocean_breadcrumbs_links_hover_color":"","ocean_display_footer_widgets":"default","ocean_display_footer_bottom":"default","ocean_custom_footer_template":"0","footnotes":""},"class_list":["post-473","page","type-page","status-publish","hentry","entry"],"yoast_head":"<!-- This site is optimized with the Yoast SEO plugin v27.5 - https:\/\/yoast.com\/product\/yoast-seo-wordpress\/ -->\n<title>Comentarios - Moraira Pool Maintenance<\/title>\n<meta name=\"robots\" content=\"index, follow, max-snippet:-1, max-image-preview:large, max-video-preview:-1\" \/>\n<link rel=\"canonical\" href=\"https:\/\/morairapoolmaintenance.com\/es\/comentarios\/\" \/>\n<meta property=\"og:locale\" content=\"es_ES\" \/>\n<meta property=\"og:type\" content=\"article\" \/>\n<meta property=\"og:title\" content=\"Comentarios - Moraira Pool Maintenance\" \/>\n<meta property=\"og:description\" content=\"\u00bfQu\u00e9 opinan de nosotros? Soy administrador de propiedades de muchas casas en Cumbre Del Sol. Richard est\u00e1 cuidando 3 piscinas m\u00edas. Es un trabajo tan f\u00e1cil para m\u00ed trabajar con Richard, ya que se ocupa de manera excelente. Es muy confiable, tiene conocimientos, la comunicaci\u00f3n es excelente y lo m\u00e1s importante, reacciona de inmediato si [&hellip;]\" \/>\n<meta property=\"og:url\" content=\"https:\/\/morairapoolmaintenance.com\/es\/comentarios\/\" \/>\n<meta property=\"og:site_name\" content=\"Moraira Pool Maintenance\" \/>\n<meta property=\"article:modified_time\" content=\"2021-09-28T14:17:54+00:00\" \/>\n<meta name=\"twitter:card\" content=\"summary_large_image\" \/>\n<meta name=\"twitter:label1\" content=\"Tiempo de lectura\" \/>\n\t<meta name=\"twitter:data1\" content=\"2 minutos\" \/>\n<script type=\"application\/ld+json\" class=\"yoast-schema-graph\">{\"@context\":\"https:\\\/\\\/schema.org\",\"@graph\":[{\"@type\":\"WebPage\",\"@id\":\"https:\\\/\\\/morairapoolmaintenance.com\\\/es\\\/comentarios\\\/\",\"url\":\"https:\\\/\\\/morairapoolmaintenance.com\\\/es\\\/comentarios\\\/\",\"name\":\"Comentarios - Moraira Pool Maintenance\",\"isPartOf\":{\"@id\":\"https:\\\/\\\/morairapoolmaintenance.com\\\/#website\"},\"datePublished\":\"2021-09-28T14:15:23+00:00\",\"dateModified\":\"2021-09-28T14:17:54+00:00\",\"breadcrumb\":{\"@id\":\"https:\\\/\\\/morairapoolmaintenance.com\\\/es\\\/comentarios\\\/#breadcrumb\"},\"inLanguage\":\"es\",\"potentialAction\":[{\"@type\":\"ReadAction\",\"target\":[\"https:\\\/\\\/morairapoolmaintenance.com\\\/es\\\/comentarios\\\/\"]}]},{\"@type\":\"BreadcrumbList\",\"@id\":\"https:\\\/\\\/morairapoolmaintenance.com\\\/es\\\/comentarios\\\/#breadcrumb\",\"itemListElement\":[{\"@type\":\"ListItem\",\"position\":1,\"name\":\"Home\",\"item\":\"https:\\\/\\\/morairapoolmaintenance.com\\\/es\\\/\"},{\"@type\":\"ListItem\",\"position\":2,\"name\":\"Comentarios\"}]},{\"@type\":\"WebSite\",\"@id\":\"https:\\\/\\\/morairapoolmaintenance.com\\\/#website\",\"url\":\"https:\\\/\\\/morairapoolmaintenance.com\\\/\",\"name\":\"Moraira Pool Maintenance\",\"description\":\"Reliable friendly service with competitive rates in the surrounding areas of Moraira Spain\",\"publisher\":{\"@id\":\"https:\\\/\\\/morairapoolmaintenance.com\\\/#organization\"},\"potentialAction\":[{\"@type\":\"SearchAction\",\"target\":{\"@type\":\"EntryPoint\",\"urlTemplate\":\"https:\\\/\\\/morairapoolmaintenance.com\\\/?s={search_term_string}\"},\"query-input\":{\"@type\":\"PropertyValueSpecification\",\"valueRequired\":true,\"valueName\":\"search_term_string\"}}],\"inLanguage\":\"es\"},{\"@type\":\"Organization\",\"@id\":\"https:\\\/\\\/morairapoolmaintenance.com\\\/#organization\",\"name\":\"Moraira Pool Maintenance\",\"url\":\"https:\\\/\\\/morairapoolmaintenance.com\\\/\",\"logo\":{\"@type\":\"ImageObject\",\"inLanguage\":\"es\",\"@id\":\"https:\\\/\\\/morairapoolmaintenance.com\\\/#\\\/schema\\\/logo\\\/image\\\/\",\"url\":\"https:\\\/\\\/morairapoolmaintenance.com\\\/wp-content\\\/uploads\\\/2021\\\/09\\\/Logo.png\",\"contentUrl\":\"https:\\\/\\\/morairapoolmaintenance.com\\\/wp-content\\\/uploads\\\/2021\\\/09\\\/Logo.png\",\"width\":1100,\"height\":214,\"caption\":\"Moraira Pool Maintenance\"},\"image\":{\"@id\":\"https:\\\/\\\/morairapoolmaintenance.com\\\/#\\\/schema\\\/logo\\\/image\\\/\"}}]}<\/script>\n<!-- \/ Yoast SEO plugin. -->","yoast_head_json":{"title":"Comentarios - Moraira Pool Maintenance","robots":{"index":"index","follow":"follow","max-snippet":"max-snippet:-1","max-image-preview":"max-image-preview:large","max-video-preview":"max-video-preview:-1"},"canonical":"https:\/\/morairapoolmaintenance.com\/es\/comentarios\/","og_locale":"es_ES","og_type":"article","og_title":"Comentarios - Moraira Pool Maintenance","og_description":"\u00bfQu\u00e9 opinan de nosotros? Soy administrador de propiedades de muchas casas en Cumbre Del Sol. Richard est\u00e1 cuidando 3 piscinas m\u00edas. Es un trabajo tan f\u00e1cil para m\u00ed trabajar con Richard, ya que se ocupa de manera excelente. Es muy confiable, tiene conocimientos, la comunicaci\u00f3n es excelente y lo m\u00e1s importante, reacciona de inmediato si [&hellip;]","og_url":"https:\/\/morairapoolmaintenance.com\/es\/comentarios\/","og_site_name":"Moraira Pool Maintenance","article_modified_time":"2021-09-28T14:17:54+00:00","twitter_card":"summary_large_image","twitter_misc":{"Tiempo de lectura":"2 minutos"},"schema":{"@context":"https:\/\/schema.org","@graph":[{"@type":"WebPage","@id":"https:\/\/morairapoolmaintenance.com\/es\/comentarios\/","url":"https:\/\/morairapoolmaintenance.com\/es\/comentarios\/","name":"Comentarios - Moraira Pool Maintenance","isPartOf":{"@id":"https:\/\/morairapoolmaintenance.com\/#website"},"datePublished":"2021-09-28T14:15:23+00:00","dateModified":"2021-09-28T14:17:54+00:00","breadcrumb":{"@id":"https:\/\/morairapoolmaintenance.com\/es\/comentarios\/#breadcrumb"},"inLanguage":"es","potentialAction":[{"@type":"ReadAction","target":["https:\/\/morairapoolmaintenance.com\/es\/comentarios\/"]}]},{"@type":"BreadcrumbList","@id":"https:\/\/morairapoolmaintenance.com\/es\/comentarios\/#breadcrumb","itemListElement":[{"@type":"ListItem","position":1,"name":"Home","item":"https:\/\/morairapoolmaintenance.com\/es\/"},{"@type":"ListItem","position":2,"name":"Comentarios"}]},{"@type":"WebSite","@id":"https:\/\/morairapoolmaintenance.com\/#website","url":"https:\/\/morairapoolmaintenance.com\/","name":"Moraira Pool Maintenance","description":"Reliable friendly service with competitive rates in the surrounding areas of Moraira Spain","publisher":{"@id":"https:\/\/morairapoolmaintenance.com\/#organization"},"potentialAction":[{"@type":"SearchAction","target":{"@type":"EntryPoint","urlTemplate":"https:\/\/morairapoolmaintenance.com\/?s={search_term_string}"},"query-input":{"@type":"PropertyValueSpecification","valueRequired":true,"valueName":"search_term_string"}}],"inLanguage":"es"},{"@type":"Organization","@id":"https:\/\/morairapoolmaintenance.com\/#organization","name":"Moraira Pool Maintenance","url":"https:\/\/morairapoolmaintenance.com\/","logo":{"@type":"ImageObject","inLanguage":"es","@id":"https:\/\/morairapoolmaintenance.com\/#\/schema\/logo\/image\/","url":"https:\/\/morairapoolmaintenance.com\/wp-content\/uploads\/2021\/09\/Logo.png","contentUrl":"https:\/\/morairapoolmaintenance.com\/wp-content\/uploads\/2021\/09\/Logo.png","width":1100,"height":214,"caption":"Moraira Pool Maintenance"},"image":{"@id":"https:\/\/morairapoolmaintenance.com\/#\/schema\/logo\/image\/"}}]}},"_links":{"self":[{"href":"https:\/\/morairapoolmaintenance.com\/es\/wp-json\/wp\/v2\/pages\/473","targetHints":{"allow":["GET"]}}],"collection":[{"href":"https:\/\/morairapoolmaintenance.com\/es\/wp-json\/wp\/v2\/pages"}],"about":[{"href":"https:\/\/morairapoolmaintenance.com\/es\/wp-json\/wp\/v2\/types\/page"}],"author":[{"embeddable":true,"href":"https:\/\/morairapoolmaintenance.com\/es\/wp-json\/wp\/v2\/users\/1"}],"replies":[{"embeddable":true,"href":"https:\/\/morairapoolmaintenance.com\/es\/wp-json\/wp\/v2\/comments?post=473"}],"version-history":[{"count":4,"href":"https:\/\/morairapoolmaintenance.com\/es\/wp-json\/wp\/v2\/pages\/473\/revisions"}],"predecessor-version":[{"id":478,"href":"https:\/\/morairapoolmaintenance.com\/es\/wp-json\/wp\/v2\/pages\/473\/revisions\/478"}],"wp:attachment":[{"href":"https:\/\/morairapoolmaintenance.com\/es\/wp-json\/wp\/v2\/media?parent=473"}],"curies":[{"name":"wp","href":"https:\/\/api.w.org\/{rel}","templated":true}]}}